{"id":259593,"date":"2022-05-09T14:10:09","date_gmt":"2022-05-09T14:10:09","guid":{"rendered":"https:\/\/stage1.studiommooy.com\/cafeteria\/"},"modified":"2025-03-28T13:49:56","modified_gmt":"2025-03-28T13:49:56","slug":"cafeteria","status":"publish","type":"page","link":"https:\/\/www.nazarethrvt.be\/fr\/cafeteria\/","title":{"rendered":"Caf\u00e9t\u00e9ria"},"content":{"rendered":"<p>[et_pb_section fb_built=\u00a0\u00bb1&Prime; next_background_color=\u00a0\u00bbrgba(112,169,58,0.16)\u00a0\u00bb _builder_version=\u00a0\u00bb4.17.3&Prime; _module_preset=\u00a0\u00bbdefault\u00a0\u00bb background_color=\u00a0\u00bbrgba(38,38,38,0.39)\u00a0\u00bb background_image=\u00a0\u00bbhttps:\/\/www.nazarethrvt.be\/wp-content\/uploads\/2022\/06\/RVT-Nazareth-Loreto38-min-scaled.jpg\u00a0\u00bb background_position=\u00a0\u00bbtop_center\u00a0\u00bb background_vertical_offset=\u00a0\u00bb54%\u00a0\u00bb custom_padding=\u00a0\u00bb||35px|||\u00a0\u00bb bottom_divider_style=\u00a0\u00bbcurve\u00a0\u00bb bottom_divider_height=\u00a0\u00bb0px\u00a0\u00bb global_colors_info=\u00a0\u00bb{}\u00a0\u00bb][et_pb_row _builder_version=\u00a0\u00bb4.17.3&Prime; _module_preset=\u00a0\u00bbdefault\u00a0\u00bb custom_padding=\u00a0\u00bb||0px|||\u00a0\u00bb global_colors_info=\u00a0\u00bb{}\u00a0\u00bb][et_pb_column type=\u00a0\u00bb4_4&Prime; _builder_version=\u00a0\u00bb4.17.3&Prime; _module_preset=\u00a0\u00bbdefault\u00a0\u00bb global_colors_info=\u00a0\u00bb{}\u00a0\u00bb][et_pb_text _builder_version=\u00a0\u00bb4.17.3&Prime; _module_preset=\u00a0\u00bbdefault\u00a0\u00bb header_4_font=\u00a0\u00bbManrope|700||on|||||\u00a0\u00bb header_4_text_color=\u00a0\u00bbgcid-1b478810-f923-4315-9943-e688a7f185d0&Prime; header_4_font_size=\u00a0\u00bb14px\u00a0\u00bb header_4_letter_spacing=\u00a0\u00bb1px\u00a0\u00bb header_4_line_height=\u00a0\u00bb1.5em\u00a0\u00bb custom_margin=\u00a0\u00bb||-10px||false|false\u00a0\u00bb header_4_font_size_tablet=\u00a0\u00bb14px\u00a0\u00bb header_4_font_size_phone=\u00a0\u00bb12px\u00a0\u00bb header_4_font_size_last_edited=\u00a0\u00bbon|tablet\u00a0\u00bb locked=\u00a0\u00bboff\u00a0\u00bb global_colors_info=\u00a0\u00bb{%22gcid-1b478810-f923-4315-9943-e688a7f185d0%22:%91%22header_4_text_color%22%93}\u00a0\u00bb]<\/p>\n<h4 style=\"text-align: center;\"><span style=\"color: #ffffff;\"><b>UN MOMENT DE CONVIVIALIT\u00c9<\/b><\/span><\/h4>\n<p>[\/et_pb_text][et_pb_text _builder_version=\u00a0\u00bb4.17.3&Prime; _module_preset=\u00a0\u00bbdefault\u00a0\u00bb text_font=\u00a0\u00bbManrope|800|||||||\u00a0\u00bb text_text_color=\u00a0\u00bb#275951&Prime; text_font_size=\u00a0\u00bb27px\u00a0\u00bb text_line_height=\u00a0\u00bb35px\u00a0\u00bb header_font=\u00a0\u00bbSource Sans Pro|600|||||||\u00a0\u00bb header_text_color=\u00a0\u00bb#FFFFFF\u00a0\u00bb header_font_size=\u00a0\u00bb55px\u00a0\u00bb header_line_height=\u00a0\u00bb1.15em\u00a0\u00bb custom_margin=\u00a0\u00bb||16px||false|false\u00a0\u00bb custom_padding=\u00a0\u00bb0px||0px|||\u00a0\u00bb header_font_size_tablet=\u00a0\u00bb40px\u00a0\u00bb header_font_size_phone=\u00a0\u00bb35px\u00a0\u00bb header_font_size_last_edited=\u00a0\u00bbon|desktop\u00a0\u00bb locked=\u00a0\u00bboff\u00a0\u00bb global_colors_info=\u00a0\u00bb{}\u00a0\u00bb]<\/p>\n<h1 style=\"text-align: center;\"><strong>Caf\u00e9t\u00e9ria<\/strong><\/h1>\n<p>[\/et_pb_text][\/et_pb_column][\/et_pb_row][\/et_pb_section][et_pb_section fb_built=\u00a0\u00bb1&Prime; admin_label=\u00a0\u00bbHeader\u00a0\u00bb _builder_version=\u00a0\u00bb4.17.3&Prime; _module_preset=\u00a0\u00bbdefault\u00a0\u00bb background_color=\u00a0\u00bbrgba(112,169,58,0.16)\u00a0\u00bb custom_margin=\u00a0\u00bb||||false|false\u00a0\u00bb custom_padding=\u00a0\u00bb33px||76px||false|false\u00a0\u00bb global_colors_info=\u00a0\u00bb{}\u00a0\u00bb][et_pb_row column_structure=\u00a0\u00bb1_2,1_2&Prime; _builder_version=\u00a0\u00bb4.17.3&Prime; _module_preset=\u00a0\u00bbdefault\u00a0\u00bb custom_margin=\u00a0\u00bb||75px||false|false\u00a0\u00bb custom_margin_tablet=\u00a0\u00bb||28px||false|false\u00a0\u00bb custom_margin_phone=\u00a0\u00bb||13px||false|false\u00a0\u00bb custom_margin_last_edited=\u00a0\u00bbon|phone\u00a0\u00bb global_colors_info=\u00a0\u00bb{}\u00a0\u00bb][et_pb_column type=\u00a0\u00bb1_2&Prime; _builder_version=\u00a0\u00bb4.16&Prime; _module_preset=\u00a0\u00bbdefault\u00a0\u00bb global_colors_info=\u00a0\u00bb{}\u00a0\u00bb][et_pb_text _builder_version=\u00a0\u00bb4.17.3&Prime; _module_preset=\u00a0\u00bbdefault\u00a0\u00bb header_4_font=\u00a0\u00bbManrope|700||on|||||\u00a0\u00bb header_4_text_color=\u00a0\u00bbgcid-1b478810-f923-4315-9943-e688a7f185d0&Prime; header_4_font_size=\u00a0\u00bb14px\u00a0\u00bb header_4_letter_spacing=\u00a0\u00bb1px\u00a0\u00bb header_4_line_height=\u00a0\u00bb1.5em\u00a0\u00bb custom_margin=\u00a0\u00bb||-13px||false|false\u00a0\u00bb custom_padding=\u00a0\u00bb||0px|||\u00a0\u00bb header_4_font_size_tablet=\u00a0\u00bb14px\u00a0\u00bb header_4_font_size_phone=\u00a0\u00bb\u00a0\u00bb header_4_font_size_last_edited=\u00a0\u00bbon|tablet\u00a0\u00bb locked=\u00a0\u00bboff\u00a0\u00bb global_colors_info=\u00a0\u00bb{%22gcid-1b478810-f923-4315-9943-e688a7f185d0%22:%91%22header_4_text_color%22%93}\u00a0\u00bb]<\/p>\n<h4 style=\"text-align: left;\"><b>LORETO &amp; NAZARETH<\/b><\/h4>\n<p>[\/et_pb_text][et_pb_text _builder_version=\u00a0\u00bb4.17.3&Prime; _module_preset=\u00a0\u00bbdefault\u00a0\u00bb text_font=\u00a0\u00bbSource Sans Pro||||||||\u00a0\u00bb text_text_color=\u00a0\u00bb#000000&Prime; text_font_size=\u00a0\u00bb35px\u00a0\u00bb text_line_height=\u00a0\u00bb1.8em\u00a0\u00bb custom_margin=\u00a0\u00bb||16px|||\u00a0\u00bb locked=\u00a0\u00bboff\u00a0\u00bb global_colors_info=\u00a0\u00bb{}\u00a0\u00bb]<\/p>\n<p><b>La caf\u00e9t\u00e9ria<\/b><\/p>\n<p>[\/et_pb_text][et_pb_text _builder_version=\u00a0\u00bb4.17.3&Prime; _module_preset=\u00a0\u00bbdefault\u00a0\u00bb text_font=\u00a0\u00bb||||||||\u00a0\u00bb text_text_color=\u00a0\u00bb#000000&Prime; text_font_size=\u00a0\u00bb18px\u00a0\u00bb text_line_height=\u00a0\u00bb1.8em\u00a0\u00bb link_text_color=\u00a0\u00bbgcid-1b478810-f923-4315-9943-e688a7f185d0&Prime; text_orientation=\u00a0\u00bbcenter\u00a0\u00bb text_font_size_tablet=\u00a0\u00bb17px\u00a0\u00bb text_font_size_phone=\u00a0\u00bb17px\u00a0\u00bb text_font_size_last_edited=\u00a0\u00bbon|phone\u00a0\u00bb header_font_size_tablet=\u00a0\u00bb55px\u00a0\u00bb header_font_size_last_edited=\u00a0\u00bboff|desktop\u00a0\u00bb locked=\u00a0\u00bboff\u00a0\u00bb global_colors_info=\u00a0\u00bb{%22gcid-1b478810-f923-4315-9943-e688a7f185d0%22:%91%22link_text_color%22%93}\u00a0\u00bb]<\/p>\n<p style=\"text-align: left;\">La caf\u00e9t\u00e9ria est ouverte tous les jours de 12h \u00e0 16h30.<\/p>\n<p style=\"text-align: left;\">Les r\u00e9sidents, les visiteurs, les membres du personnel et les b\u00e9n\u00e9voles y sont les bienvenus.<\/p>\n<p>[\/et_pb_text][et_pb_text _builder_version=\u00a0\u00bb4.17.3&Prime; _module_preset=\u00a0\u00bbdefault\u00a0\u00bb text_font=\u00a0\u00bbSource Sans Pro||||||||\u00a0\u00bb text_text_color=\u00a0\u00bb#000000&Prime; text_font_size=\u00a0\u00bb25px\u00a0\u00bb text_line_height=\u00a0\u00bb40px\u00a0\u00bb custom_margin=\u00a0\u00bb||16px|||\u00a0\u00bb global_colors_info=\u00a0\u00bb{}\u00a0\u00bb]<\/p>\n<p><b>La Cuisine<\/b><\/p>\n<p>[\/et_pb_text][et_pb_text _builder_version=\u00a0\u00bb4.27.2&Prime; _module_preset=\u00a0\u00bbdefault\u00a0\u00bb text_font=\u00a0\u00bb||||||||\u00a0\u00bb text_text_color=\u00a0\u00bb#000000&Prime; text_font_size=\u00a0\u00bb18px\u00a0\u00bb text_line_height=\u00a0\u00bb2em\u00a0\u00bb link_font=\u00a0\u00bb||on||||||\u00a0\u00bb text_orientation=\u00a0\u00bbcenter\u00a0\u00bb hover_enabled=\u00a0\u00bb0&Prime; text_font_size_tablet=\u00a0\u00bb15px\u00a0\u00bb text_font_size_phone=\u00a0\u00bb17px\u00a0\u00bb text_font_size_last_edited=\u00a0\u00bbon|phone\u00a0\u00bb header_font_size_tablet=\u00a0\u00bb55px\u00a0\u00bb header_font_size_last_edited=\u00a0\u00bboff|desktop\u00a0\u00bb locked=\u00a0\u00bboff\u00a0\u00bb global_colors_info=\u00a0\u00bb{}\u00a0\u00bb sticky_enabled=\u00a0\u00bb0&Prime;]<\/p>\n<p style=\"text-align: left;\">Dans notre cuisine enti\u00e8rement r\u00e9nov\u00e9e, les repas y sont pr\u00e9par\u00e9s en &lsquo;ligne chaude&rsquo;. Cela signifie que l\u2019on cuisine <strong>tous les jours sur place.<\/strong><\/p>\n<p style=\"text-align: left;\">L&rsquo;organisation des activit\u00e9s de cuisine est coordonn\u00e9e par un chef\/g\u00e9rant du groupe Sodexo.<\/p>\n<p>[\/et_pb_text][dsm_button button_one_text=\u00a0\u00bbContactez-nous\u00a0\u00bb button_one_url=\u00a0\u00bb@ET-DC@eyJkeW5hbWljIjp0cnVlLCJjb250ZW50IjoicG9zdF9saW5rX3VybF9wYWdlIiwic2V0dGluZ3MiOnsicG9zdF9pZCI6IjI1ODU0NyIsImVuYWJsZV9odG1sIjoib2ZmIn19@\u00a0\u00bb button_one_hover_animation=\u00a0\u00bbdsm-grow\u00a0\u00bb button_two_hover_animation=\u00a0\u00bbdsm-grow\u00a0\u00bb _builder_version=\u00a0\u00bb4.17.3&Prime; _dynamic_attributes=\u00a0\u00bbbutton_one_url\u00a0\u00bb _module_preset=\u00a0\u00bbdefault\u00a0\u00bb custom_button_one=\u00a0\u00bbon\u00a0\u00bb button_one_text_size=\u00a0\u00bb17px\u00a0\u00bb button_one_text_color=\u00a0\u00bb#FFFFFF\u00a0\u00bb button_one_bg_color=\u00a0\u00bbgcid-1b478810-f923-4315-9943-e688a7f185d0&Prime; button_one_border_color=\u00a0\u00bbgcid-1b478810-f923-4315-9943-e688a7f185d0&Prime; button_one_border_radius=\u00a0\u00bb0px\u00a0\u00bb button_one_font=\u00a0\u00bbManrope|500|||||||\u00a0\u00bb button_one_use_icon=\u00a0\u00bboff\u00a0\u00bb button_one_custom_padding=\u00a0\u00bb9px|35px|11px|35px|false|true\u00a0\u00bb button_one_custom_padding_tablet=\u00a0\u00bb9px|35px|11px|35px|false|true\u00a0\u00bb button_one_custom_padding_phone=\u00a0\u00bb9px|20px|11px|20px|false|true\u00a0\u00bb button_one_custom_padding_last_edited=\u00a0\u00bbon|phone\u00a0\u00bb custom_button_two=\u00a0\u00bbon\u00a0\u00bb button_two_text_size=\u00a0\u00bb17px\u00a0\u00bb button_two_text_color=\u00a0\u00bb#185951&Prime; button_two_bg_color=\u00a0\u00bbRGBA(255,255,255,0)\u00a0\u00bb button_two_border_color=\u00a0\u00bb#185951&Prime; button_two_border_radius=\u00a0\u00bb0px\u00a0\u00bb button_two_font=\u00a0\u00bbManrope|500|||||||\u00a0\u00bb button_two_use_icon=\u00a0\u00bboff\u00a0\u00bb button_two_custom_padding=\u00a0\u00bb9px|25px|11px|25px|false|true\u00a0\u00bb button_two_custom_padding_tablet=\u00a0\u00bb9px|25px|11px|25px|false|true\u00a0\u00bb button_two_custom_padding_phone=\u00a0\u00bb9px|20px|11px|20px|false|true\u00a0\u00bb button_two_custom_padding_last_edited=\u00a0\u00bbon|phone\u00a0\u00bb button_one_text_size_tablet=\u00a0\u00bb17px\u00a0\u00bb button_one_text_size_phone=\u00a0\u00bb17px\u00a0\u00bb button_one_text_size_last_edited=\u00a0\u00bbon|phone\u00a0\u00bb button_two_text_size_tablet=\u00a0\u00bb17px\u00a0\u00bb button_two_text_size_phone=\u00a0\u00bb14px\u00a0\u00bb button_two_text_size_last_edited=\u00a0\u00bbon|phone\u00a0\u00bb locked=\u00a0\u00bboff\u00a0\u00bb global_colors_info=\u00a0\u00bb{%22gcid-1b478810-f923-4315-9943-e688a7f185d0%22:%91%22button_one_bg_color%22,%22button_one_border_color%22%93}\u00a0\u00bb][\/dsm_button][\/et_pb_column][et_pb_column type=\u00a0\u00bb1_2&Prime; _builder_version=\u00a0\u00bb4.16&Prime; _module_preset=\u00a0\u00bbdefault\u00a0\u00bb global_colors_info=\u00a0\u00bb{}\u00a0\u00bb][et_pb_image src=\u00a0\u00bbhttps:\/\/www.nazarethrvt.be\/wp-content\/uploads\/2022\/08\/Afbeelding1-min.jpg\u00a0\u00bb title_text=\u00a0\u00bbAfbeelding1-min\u00a0\u00bb align=\u00a0\u00bbcenter\u00a0\u00bb _builder_version=\u00a0\u00bb4.17.3&Prime; _module_preset=\u00a0\u00bbdefault\u00a0\u00bb global_colors_info=\u00a0\u00bb{}\u00a0\u00bb][\/et_pb_image][et_pb_image src=\u00a0\u00bbhttps:\/\/www.nazarethrvt.be\/wp-content\/uploads\/2022\/06\/RVT-Nazareth-Loreto32-min-scaled.jpg\u00a0\u00bb title_text=\u00a0\u00bbRVT-Nazareth-Loreto32-min\u00a0\u00bb _builder_version=\u00a0\u00bb4.17.3&Prime; _module_preset=\u00a0\u00bbdefault\u00a0\u00bb module_alignment=\u00a0\u00bbcenter\u00a0\u00bb border_radii=\u00a0\u00bbon|10px|10px|10px|10px\u00a0\u00bb global_colors_info=\u00a0\u00bb{}\u00a0\u00bb][\/et_pb_image][\/et_pb_column][\/et_pb_row][\/et_pb_section]<\/p>\n","protected":false},"excerpt":{"rendered":"<p>UN MOMENT DE CONVIVIALIT\u00c9Caf\u00e9t\u00e9riaLORETO &amp; NAZARETHLa caf\u00e9t\u00e9riaLa caf\u00e9t\u00e9ria est ouverte tous les jours de 12h \u00e0 16h30. Les r\u00e9sidents, les visiteurs, les membres du personnel et les b\u00e9n\u00e9voles y sont les bienvenus.La CuisineDans notre cuisine enti\u00e8rement r\u00e9nov\u00e9e, les repas y sont pr\u00e9par\u00e9s en &lsquo;ligne chaude&rsquo;. Cela signifie que l\u2019on cuisine tous les jours sur place. [&hellip;]<\/p>\n","protected":false},"author":1,"featured_media":0,"parent":0,"menu_order":0,"comment_status":"closed","ping_status":"closed","template":"","meta":{"_et_pb_use_builder":"on","_et_pb_old_content":"","_et_gb_content_width":"","footnotes":""},"class_list":["post-259593","page","type-page","status-publish","hentry"],"yoast_head":"<!-- This site is optimized with the Yoast SEO plugin v27.5 - https:\/\/yoast.com\/product\/yoast-seo-wordpress\/ -->\n<title>Caf\u00e9t\u00e9ria - RVT Nazareth en SR Loreto<\/title>\n<meta name=\"robots\" content=\"index, follow, max-snippet:-1, max-image-preview:large, max-video-preview:-1\" \/>\n<link rel=\"canonical\" href=\"https:\/\/www.nazarethrvt.be\/fr\/cafeteria\/\" \/>\n<meta property=\"og:locale\" content=\"fr_FR\" \/>\n<meta property=\"og:type\" content=\"article\" \/>\n<meta property=\"og:title\" content=\"Caf\u00e9t\u00e9ria - RVT Nazareth en SR Loreto\" \/>\n<meta property=\"og:description\" content=\"UN MOMENT DE CONVIVIALIT\u00c9Caf\u00e9t\u00e9riaLORETO &amp; NAZARETHLa caf\u00e9t\u00e9riaLa caf\u00e9t\u00e9ria est ouverte tous les jours de 12h \u00e0 16h30. Les r\u00e9sidents, les visiteurs, les membres du personnel et les b\u00e9n\u00e9voles y sont les bienvenus.La CuisineDans notre cuisine enti\u00e8rement r\u00e9nov\u00e9e, les repas y sont pr\u00e9par\u00e9s en &#039;ligne chaude&#039;. Cela signifie que l\u2019on cuisine tous les jours sur place. [&hellip;]\" \/>\n<meta property=\"og:url\" content=\"https:\/\/www.nazarethrvt.be\/fr\/cafeteria\/\" \/>\n<meta property=\"og:site_name\" content=\"RVT Nazareth en SR Loreto\" \/>\n<meta property=\"article:modified_time\" content=\"2025-03-28T13:49:56+00:00\" \/>\n<meta name=\"twitter:card\" content=\"summary_large_image\" \/>\n<meta name=\"twitter:label1\" content=\"Dur\u00e9e de lecture estim\u00e9e\" \/>\n\t<meta name=\"twitter:data1\" content=\"5 minutes\" \/>\n<script type=\"application\/ld+json\" class=\"yoast-schema-graph\">{\"@context\":\"https:\\\/\\\/schema.org\",\"@graph\":[{\"@type\":\"WebPage\",\"@id\":\"https:\\\/\\\/www.nazarethrvt.be\\\/fr\\\/cafeteria\\\/\",\"url\":\"https:\\\/\\\/www.nazarethrvt.be\\\/fr\\\/cafeteria\\\/\",\"name\":\"Caf\u00e9t\u00e9ria - RVT Nazareth en SR Loreto\",\"isPartOf\":{\"@id\":\"https:\\\/\\\/stage1.studiommooy.com\\\/#website\"},\"datePublished\":\"2022-05-09T14:10:09+00:00\",\"dateModified\":\"2025-03-28T13:49:56+00:00\",\"breadcrumb\":{\"@id\":\"https:\\\/\\\/www.nazarethrvt.be\\\/fr\\\/cafeteria\\\/#breadcrumb\"},\"inLanguage\":\"fr-FR\",\"potentialAction\":[{\"@type\":\"ReadAction\",\"target\":[\"https:\\\/\\\/www.nazarethrvt.be\\\/fr\\\/cafeteria\\\/\"]}]},{\"@type\":\"BreadcrumbList\",\"@id\":\"https:\\\/\\\/www.nazarethrvt.be\\\/fr\\\/cafeteria\\\/#breadcrumb\",\"itemListElement\":[{\"@type\":\"ListItem\",\"position\":1,\"name\":\"Home\",\"item\":\"https:\\\/\\\/www.nazarethrvt.be\\\/fr\\\/page-daccueil\\\/\"},{\"@type\":\"ListItem\",\"position\":2,\"name\":\"Caf\u00e9t\u00e9ria\"}]},{\"@type\":\"WebSite\",\"@id\":\"https:\\\/\\\/stage1.studiommooy.com\\\/#website\",\"url\":\"https:\\\/\\\/stage1.studiommooy.com\\\/\",\"name\":\"RVT Nazareth en SR Loreto\",\"description\":\"Een warme thuis\",\"publisher\":{\"@id\":\"https:\\\/\\\/stage1.studiommooy.com\\\/#organization\"},\"potentialAction\":[{\"@type\":\"SearchAction\",\"target\":{\"@type\":\"EntryPoint\",\"urlTemplate\":\"https:\\\/\\\/stage1.studiommooy.com\\\/?s={search_term_string}\"},\"query-input\":{\"@type\":\"PropertyValueSpecification\",\"valueRequired\":true,\"valueName\":\"search_term_string\"}}],\"inLanguage\":\"fr-FR\"},{\"@type\":\"Organization\",\"@id\":\"https:\\\/\\\/stage1.studiommooy.com\\\/#organization\",\"name\":\"RVT Nazareth en SR Loreto\",\"url\":\"https:\\\/\\\/stage1.studiommooy.com\\\/\",\"logo\":{\"@type\":\"ImageObject\",\"inLanguage\":\"fr-FR\",\"@id\":\"https:\\\/\\\/stage1.studiommooy.com\\\/#\\\/schema\\\/logo\\\/image\\\/\",\"url\":\"https:\\\/\\\/www.nazarethrvt.be\\\/wp-content\\\/uploads\\\/2023\\\/01\\\/RVT-Nazareth-en-SR-Loreto.png\",\"contentUrl\":\"https:\\\/\\\/www.nazarethrvt.be\\\/wp-content\\\/uploads\\\/2023\\\/01\\\/RVT-Nazareth-en-SR-Loreto.png\",\"width\":500,\"height\":300,\"caption\":\"RVT Nazareth en SR Loreto\"},\"image\":{\"@id\":\"https:\\\/\\\/stage1.studiommooy.com\\\/#\\\/schema\\\/logo\\\/image\\\/\"}}]}<\/script>\n<!-- \/ Yoast SEO plugin. -->","yoast_head_json":{"title":"Caf\u00e9t\u00e9ria - RVT Nazareth en SR Loreto","robots":{"index":"index","follow":"follow","max-snippet":"max-snippet:-1","max-image-preview":"max-image-preview:large","max-video-preview":"max-video-preview:-1"},"canonical":"https:\/\/www.nazarethrvt.be\/fr\/cafeteria\/","og_locale":"fr_FR","og_type":"article","og_title":"Caf\u00e9t\u00e9ria - RVT Nazareth en SR Loreto","og_description":"UN MOMENT DE CONVIVIALIT\u00c9Caf\u00e9t\u00e9riaLORETO &amp; NAZARETHLa caf\u00e9t\u00e9riaLa caf\u00e9t\u00e9ria est ouverte tous les jours de 12h \u00e0 16h30. Les r\u00e9sidents, les visiteurs, les membres du personnel et les b\u00e9n\u00e9voles y sont les bienvenus.La CuisineDans notre cuisine enti\u00e8rement r\u00e9nov\u00e9e, les repas y sont pr\u00e9par\u00e9s en 'ligne chaude'. Cela signifie que l\u2019on cuisine tous les jours sur place. [&hellip;]","og_url":"https:\/\/www.nazarethrvt.be\/fr\/cafeteria\/","og_site_name":"RVT Nazareth en SR Loreto","article_modified_time":"2025-03-28T13:49:56+00:00","twitter_card":"summary_large_image","twitter_misc":{"Dur\u00e9e de lecture estim\u00e9e":"5 minutes"},"schema":{"@context":"https:\/\/schema.org","@graph":[{"@type":"WebPage","@id":"https:\/\/www.nazarethrvt.be\/fr\/cafeteria\/","url":"https:\/\/www.nazarethrvt.be\/fr\/cafeteria\/","name":"Caf\u00e9t\u00e9ria - RVT Nazareth en SR Loreto","isPartOf":{"@id":"https:\/\/stage1.studiommooy.com\/#website"},"datePublished":"2022-05-09T14:10:09+00:00","dateModified":"2025-03-28T13:49:56+00:00","breadcrumb":{"@id":"https:\/\/www.nazarethrvt.be\/fr\/cafeteria\/#breadcrumb"},"inLanguage":"fr-FR","potentialAction":[{"@type":"ReadAction","target":["https:\/\/www.nazarethrvt.be\/fr\/cafeteria\/"]}]},{"@type":"BreadcrumbList","@id":"https:\/\/www.nazarethrvt.be\/fr\/cafeteria\/#breadcrumb","itemListElement":[{"@type":"ListItem","position":1,"name":"Home","item":"https:\/\/www.nazarethrvt.be\/fr\/page-daccueil\/"},{"@type":"ListItem","position":2,"name":"Caf\u00e9t\u00e9ria"}]},{"@type":"WebSite","@id":"https:\/\/stage1.studiommooy.com\/#website","url":"https:\/\/stage1.studiommooy.com\/","name":"RVT Nazareth en SR Loreto","description":"Een warme thuis","publisher":{"@id":"https:\/\/stage1.studiommooy.com\/#organization"},"potentialAction":[{"@type":"SearchAction","target":{"@type":"EntryPoint","urlTemplate":"https:\/\/stage1.studiommooy.com\/?s={search_term_string}"},"query-input":{"@type":"PropertyValueSpecification","valueRequired":true,"valueName":"search_term_string"}}],"inLanguage":"fr-FR"},{"@type":"Organization","@id":"https:\/\/stage1.studiommooy.com\/#organization","name":"RVT Nazareth en SR Loreto","url":"https:\/\/stage1.studiommooy.com\/","logo":{"@type":"ImageObject","inLanguage":"fr-FR","@id":"https:\/\/stage1.studiommooy.com\/#\/schema\/logo\/image\/","url":"https:\/\/www.nazarethrvt.be\/wp-content\/uploads\/2023\/01\/RVT-Nazareth-en-SR-Loreto.png","contentUrl":"https:\/\/www.nazarethrvt.be\/wp-content\/uploads\/2023\/01\/RVT-Nazareth-en-SR-Loreto.png","width":500,"height":300,"caption":"RVT Nazareth en SR Loreto"},"image":{"@id":"https:\/\/stage1.studiommooy.com\/#\/schema\/logo\/image\/"}}]}},"_links":{"self":[{"href":"https:\/\/www.nazarethrvt.be\/fr\/wp-json\/wp\/v2\/pages\/259593","targetHints":{"allow":["GET"]}}],"collection":[{"href":"https:\/\/www.nazarethrvt.be\/fr\/wp-json\/wp\/v2\/pages"}],"about":[{"href":"https:\/\/www.nazarethrvt.be\/fr\/wp-json\/wp\/v2\/types\/page"}],"author":[{"embeddable":true,"href":"https:\/\/www.nazarethrvt.be\/fr\/wp-json\/wp\/v2\/users\/1"}],"replies":[{"embeddable":true,"href":"https:\/\/www.nazarethrvt.be\/fr\/wp-json\/wp\/v2\/comments?post=259593"}],"version-history":[{"count":21,"href":"https:\/\/www.nazarethrvt.be\/fr\/wp-json\/wp\/v2\/pages\/259593\/revisions"}],"predecessor-version":[{"id":260253,"href":"https:\/\/www.nazarethrvt.be\/fr\/wp-json\/wp\/v2\/pages\/259593\/revisions\/260253"}],"wp:attachment":[{"href":"https:\/\/www.nazarethrvt.be\/fr\/wp-json\/wp\/v2\/media?parent=259593"}],"curies":[{"name":"wp","href":"https:\/\/api.w.org\/{rel}","templated":true}]}}